{"id":670,"date":"2018-08-28T20:33:19","date_gmt":"2018-08-28T17:33:19","guid":{"rendered":"http:\/\/mzorba.gr\/wp\/?page_id=670"},"modified":"2018-08-31T12:16:11","modified_gmt":"2018-08-31T09:16:11","slug":"%ce%b2%ce%b9%ce%bf%ce%b3%cf%81%ce%b1%cf%86%ce%b9%ce%ba%cf%8c","status":"publish","type":"page","link":"http:\/\/mzorba.gr\/wp\/?page_id=670","title":{"rendered":"\u0392\u03b9\u03bf\u03b3\u03c1\u03b1\u03c6\u03b9\u03ba\u03cc"},"content":{"rendered":"<p><a id=\"gr_cv\"><\/a>\u0397 \u039c\u03c5\u03c1\u03c3\u03af\u03bd\u03b7 \u0396\u03bf\u03c1\u03bc\u03c0\u03ac \u03b5\u03af\u03bd\u03b1\u03b9 \u0394\u03b9\u03b4\u03ac\u03ba\u03c4\u03c9\u03c1 \u00a0\u00a0\u03a0\u03bf\u03bb\u03b9\u03c4\u03b9\u03ba\u03ce\u03bd \u0395\u03c0\u03b9\u03c3\u03c4\u03b7\u03bc\u03ce\u03bd.\u00a0 \u03a3\u03c0\u03bf\u03cd\u03b4\u03b1\u03c3\u03b5 \u039d\u03bf\u03bc\u03b9\u03ba\u03ac \u03c3\u03c4\u03bf \u03a0\u03b1\u03bd\u03b5\u03c0\u03b9\u03c3\u03c4\u03ae\u03bc\u03b9\u03bf \u0391\u03b8\u03b7\u03bd\u03ce\u03bd \u03ba\u03b1\u03b9 \u00a0\u00a0\u00a0\u03a6\u03b9\u03bb\u03bf\u03c3\u03bf\u03c6\u03af\u03b1 \u03c4\u03bf\u03c5 \u0394\u03b9\u03ba\u03b1\u03af\u03bf\u03c5 \u03c3\u03c4\u03bf \u03a0\u03b1\u03bd\u03b5\u03c0\u03b9\u03c3\u03c4\u03ae\u03bc\u03b9\u03bf \u03c4\u03b7\u03c2\u00a0 \u03a1\u03ce\u03bc\u03b7\u03c2. \u038a\u03b4\u03c1\u03c5\u03c3\u03b5 \u03c4\u03bf\u03bd \u03b5\u03ba\u03b4\u03bf\u03c4\u03b9\u03ba\u03cc \u03bf\u03af\u03ba\u03bf \u039f\u03b4\u03c5\u03c3\u03c3\u03ad\u03b1\u03c2. \u0394\u03b9\u03b5\u03c4\u03ad\u03bb\u03b5\u03c3\u03b5 \u03c3\u03cd\u03bc\u03b2\u03bf\u03c5\u03bb\u03bf\u03c2 \u03c4\u03bf\u03c5\u00a0\u03c5\u03c0\u03bf\u03c5\u03c1\u03b3\u03bf\u03cd \u03a0\u03bf\u03bb\u03b9\u03c4\u03b9\u03c3\u03bc\u03bf\u03cd \u00a0(1993) \u03ba\u03b1\u03b9\u00a0\u0395\u03c5\u03c1\u03c9\u03b2\u03bf\u03c5\u03bb\u03b5\u03c5\u03c4\u03ae\u03c2\u00a0(2000-2004). \u00a0\u0389\u03c4\u03b1\u03bd \u03b7 \u03c0\u03c1\u03ce\u03c4\u03b7 \u0394\u03b9\u03b5\u03c5\u03b8\u03cd\u03bd\u03c4\u03c1\u03b9\u03b1 \u03c4\u03bf\u03c5\u00a0\u0395\u03b8\u03bd\u03b9\u03ba\u03bf\u03cd \u039a\u03ad\u03bd\u03c4\u03c1\u03bf\u03c5 \u0392\u03b9\u03b2\u03bb\u03af\u03bf\u03c5\u00a0(1994-1999). \u00a0\u00a0\u0391\u03c0\u03cc \u03c4\u03bf 2006 \u03c9\u03c2 \u03c4\u03bf 2012 \u03b4\u03af\u03b4\u03b1\u03be\u03b5\u00a0\u03c0\u03bf\u03bb\u03b9\u03c4\u03b9\u03c3\u03bc\u03b9\u03ba\u03ae \u03b8\u03b5\u03c9\u03c1\u03af\u03b1 \u03ba\u03b1\u03b9 \u03c0\u03bf\u03bb\u03b9\u03c4\u03b9\u03ba\u03ae\u00a0\u03c0\u03bf\u03bb\u03b9\u03c4\u03b9\u03c3\u03bc\u03bf\u03cd \u03c3\u03b5 \u03bc\u03b5\u03c4\u03b1\u03c0\u03c4\u03c5\u03c7\u03b9\u03b1\u03ba\u03ac \u03c0\u03c1\u03bf\u03b3\u03c1\u03ac\u03bc\u03bc\u03b1\u03c4\u03b1.\u00a0 \u03a3\u03c5\u03bc\u03bc\u03b5\u03c4\u03b5\u03af\u03c7\u03b5 \u03c3\u03b5 \u03b5\u03c5\u03c1\u03c9\u03c0\u03b1\u03ca\u03ba\u03ad\u03c2 \u03b5\u03c0\u03b9\u03c4\u03c1\u03bf\u03c0\u03ad\u03c2 \u03ba\u03b1\u03b9 \u03b4\u03af\u03ba\u03c4\u03c5\u03b1, \u03ba\u03b1\u03b9 \u03af\u03b4\u03c1\u03c5\u03c3\u03b5 \u03bc\u03b1\u03b6\u03af \u03bc\u03b5 \u03ac\u03bb\u03bb\u03bf\u03c5\u03c2 \u03c4\u03bf\u00a0\u00ab\u0394\u03af\u03ba\u03c4\u03c5\u03bf\u00a0 \u03b3\u03b9\u03b1 \u03c4\u03b1 \u0394\u03b9\u03ba\u03b1\u03b9\u03ce\u03bc\u03b1\u03c4\u03b1 \u03c4\u03bf\u03c5 \u03a0\u03b1\u03b9\u03b4\u03b9\u03bf\u03cd\u00bb \u03c4\u03bf\u03c5 \u03bf\u03c0\u03bf\u03af\u03bf\u03c5 \u03ae\u03c4\u03b1\u03bd \u03c0\u03c1\u03cc\u03b5\u03b4\u03c1\u03bf\u03c2 \u0394\u03a3 (2004-2016). \u00a0\u0388\u03c7\u03b5\u03b9 \u03b4\u03b7\u03bc\u03bf\u03c3\u03b9\u03b5\u03cd\u03c3\u03b5\u03b9 \u03bc\u03b5\u03bb\u03ad\u03c4\u03b5\u03c2 \u03c3\u03b5 \u03c3\u03c5\u03bb\u03bb\u03bf\u03b3\u03b9\u03ba\u03bf\u03cd\u03c2 \u03c4\u03cc\u03bc\u03bf\u03c5\u03c2 \u03ba\u03b1\u03b9 \u03c0\u03bf\u03bb\u03c5\u03ac\u03c1\u03b9\u03b8\u03bc\u03b1 \u03ac\u03c1\u03b8\u03c1\u03b1 \u03c3\u03b5 \u03c0\u03b5\u03c1\u03b9\u03bf\u03b4\u03b9\u03ba\u03ac \u03ba\u03b1\u03b9 \u03b5\u03c6\u03b7\u03bc\u03b5\u03c1\u03af\u03b4\u03b5\u03c2 , \u03b5\u03bb\u03bb\u03b7\u03bd\u03b9\u03ba\u03ac \u03ba\u03b1\u03b9 \u03be\u03ad\u03bd\u03b1, \u03b3\u03b9\u03b1 \u03b8\u03ad\u03bc\u03b1\u03c4\u03b1 \u03c0\u03bf\u03bb\u03b9\u03c4\u03b9\u03c3\u03bc\u03b9\u03ba\u03ae\u03c2 \u03c0\u03bf\u03bb\u03b9\u03c4\u03b9\u03ba\u03ae\u03c2. \u03a4\u03bf \u03b2\u03b9\u03b2\u03bb\u03af\u03bf \u03c4\u03b7\u03c2\u00a0\u00ab\u03a0\u03bf\u03bb\u03b9\u03c4\u03b9\u03ba\u03ae \u03c4\u03bf\u03c5 \u03c0\u03bf\u03bb\u03b9\u03c4\u03b9\u03c3\u03bc\u03bf\u03cd\u00bb\u00a0\u03b4\u03b9\u03b4\u03ac\u03c3\u03ba\u03b5\u03c4\u03b1\u03b9 \u03c3\u03b5 \u03c0\u03bf\u03bb\u03bb\u03ac \u03c0\u03b1\u03bd\u03b5\u03c0\u03b9\u03c3\u03c4\u03b7\u03bc\u03b9\u03b1\u03ba\u03ac \u03bc\u03b5\u03c4\u03b1\u03c0\u03c4\u03c5\u03c7\u03b9\u03b1\u03ba\u03ac\u00a0 \u03c4\u03bc\u03ae\u03bc\u03b1\u03c4\u03b1 \u03c3\u03c4\u03b7\u03bd \u0395\u03bb\u03bb\u03ac\u03b4\u03b1 \u03ba\u03b1\u03b9 \u03c4\u03bf \u03b5\u03be\u03c9\u03c4\u03b5\u03c1\u03b9\u03ba\u03cc.<\/p>\n<p>\u0392\u03b9\u03b2\u03bb\u03af\u03b1 \u03c4\u03b7\u03c2:<\/p>\n<p><a href=\"http:\/\/www.biblionet.gr\/book\/193512\/%CE%A0%CE%BF%CE%BB%CE%B9%CF%84%CE%B9%CE%BA%CE%AE_%CF%84%CE%BF%CF%85_%CF%80%CE%BF%CE%BB%CE%B9%CF%84%CE%B9%CF%83%CE%BC%CE%BF%CF%8D\" target=\"_blank\" rel=\"noopener\">\u03a0\u03bf\u03bb\u03b9\u03c4\u03b9\u03ba\u03ae \u03c4\u03bf\u03c5 \u03c0\u03bf\u03bb\u03b9\u03c4\u03b9\u03c3\u03bc\u03bf\u03cd<\/a>, \u0395\u03ba\u03b4\u03cc\u03c3\u03b5\u03b9\u03c2 \u03a0\u03b1\u03c4\u03ac\u03ba\u03b7, 2014<br \/>\n<a href=\"http:\/\/www.biblionet.gr\/book\/84938\/%CE%96%CE%BF%CF%81%CE%BC%CF%80%CE%AC,_%CE%9C%CF%85%CF%81%CF%83%CE%AF%CE%BD%CE%B7\/%CE%91%CF%80%CF%8C_%CF%84%CE%B1_%CE%95%CE%BE%CE%AC%CF%81%CF%87%CE%B5%CE%B9%CE%B1_%CF%83%CF%84%CE%B9%CF%82_%CE%92%CF%81%CF%85%CE%BE%CE%AD%CE%BB%CE%BB%CE%B5%CF%82\" target=\"_blank\" rel=\"noopener\">\u0391\u03c0\u03cc \u03c4\u03b1 \u0395\u03be\u03ac\u03c1\u03c7\u03b5\u03b9\u03b1 \u03c3\u03c4\u03b9\u03c2 \u0392\u03c1\u03c5\u03be\u03ad\u03bb\u03bb\u03b5\u03c2<\/a>, \u0395\u03ba\u03b4\u03cc\u03c3\u03b5\u03b9\u03c2 \u039f\u03b4\u03c5\u03c3\u03c3\u03ad\u03b1\u03c2, 2004<br \/>\n<a href=\"http:\/\/www.biblionet.gr\/book\/9054\/%CE%96%CE%BF%CF%81%CE%BC%CF%80%CE%AC,_%CE%9C%CF%85%CF%81%CF%83%CE%AF%CE%BD%CE%B7\/%CE%9A%CF%81%CE%B1%CF%84%CE%B9%CE%BA%CE%AE_%CF%80%CE%BF%CE%BB%CE%B9%CF%84%CE%B9%CE%BA%CE%AE_%CE%B3%CE%B9%CE%B1_%CF%84%CE%BF_%CE%B2%CE%B9%CE%B2%CE%BB%CE%AF%CE%BF\" target=\"_blank\" rel=\"noopener\">\u0397 \u03ba\u03c1\u03b1\u03c4\u03b9\u03ba\u03ae \u03c0\u03bf\u03bb\u03b9\u03c4\u03b9\u03ba\u03ae \u03b3\u03b9\u03b1 \u03c4\u03bf \u03b2\u03b9\u03b2\u03bb\u03af\u03bf<\/a>, \u0395\u03ba\u03b4\u03cc\u03c3\u03b5\u03b9\u03c2 \u039f\u03b4\u03c5\u03c3\u03c3\u03ad\u03b1\u03c2, 1995<\/p>\n<p>&nbsp;<\/p>\n<p><span style=\"font-size: small;\">\u0395\u03c0\u03af\u03c3\u03b7\u03c2, \u201cCulture as a mirror of Crisis: Representations, Solidarity, Resilience and Paradigm Shift\u201d \u03c3\u03c4\u03bf K. Botanova et. (eds) <em>Culturescapes Greece, <\/em>\u00a0Christoph Merian Verlag 2017, \u00ab\u0391\u03cc\u03c1\u03b1\u03c4\u03b5\u03c2 \u03c0\u03cc\u03bb\u03b5\u03b9\u03c2. \u03a0\u03c1\u03b1\u03ba\u03c4\u03b9\u03ba\u03ad\u03c2 \u0391\u03c3\u03c4\u03b9\u03ba\u03ae\u03c2 \u0391\u03bb\u03bb\u03b7\u03bb\u03b5\u03b3\u03b3\u03cd\u03b7\u03c2 \u03bc\u03b5 \u03c4\u03b7\u03bd \u03b1\u03be\u03b9\u03bf\u03c0\u03bf\u03af\u03b7\u03c3\u03b7 \u03b1\u03c6\u03b1\u03bd\u03ce\u03bd \u03ba\u03b1\u03b9 \u03c5\u03c0\u03bf\u03c4\u03b9\u03bc\u03b7\u03bc\u03ad\u03bd\u03c9\u03bd \u03c0\u03cc\u03c1\u03c9\u03bd\u00bb \u03c3\u03c4\u03bf <em>\u03a0\u03c1\u03b1\u03ba\u03c4\u03b9\u03ba\u03ad\u03c2 \u0391\u03c3\u03c4\u03b9\u03ba\u03ae\u03c2 \u0391\u03bb\u03bb\u03b7\u03bb\u03b5\u03b3\u03b3\u03cd\u03b7\u03c2,<\/em> \u03a0\u03b1\u03bd\u03b5\u03c0\u03b9\u03c3\u03c4\u03b7\u03bc\u03b9\u03b1\u03ba\u03ad\u03c2 \u03b5\u03ba\u03b4\u03cc\u03c3\u03b5\u03b9\u03c2 \u0398\u03b5\u03c3\u03c3\u03b1\u03bb\u03af\u03b1\u03c2, 2016, &#8220;La culture comme politique publique&#8221; \u03c3\u03c4\u03bf Ph. Poirrier (ed.)<em> La politique culturelle en Europe apres la 2me Guerre Mondiale<\/em>, La documentation Francaise 2011. \u00ab\u0397\u03b3\u03b5\u03bc\u03bf\u03bd\u03af\u03b1 \u03ba\u03b1\u03b9 \u03bc\u03b5\u03c4\u03b1-\u03b7\u03b3\u03b5\u03bc\u03bf\u03bd\u03af\u03b1 \u03c3\u03c4\u03b9\u03c2 \u03c0\u03bf\u03bb\u03b9\u03c4\u03b9\u03c3\u03bc\u03b9\u03ba\u03ad\u03c2 \u03c3\u03c0\u03bf\u03c5\u03b4\u03ad\u03c2\u00bb \u03c3\u03c4\u03bf \u03c3\u03c5\u03bb\u03bb\u03bf\u03b3\u03b9\u03ba\u03cc \u03c4\u03cc\u03bc\u03bf \u0393. \u0392\u03bf\u03cd\u03bb\u03b3\u03b1\u03c1\u03b7\u03c2 (\u03b5\u03c0\u03b9\u03bc.), <em>\u03a3\u03c4\u03b1 \u03bc\u03bf\u03bd\u03bf\u03c0\u03ac\u03c4\u03b9\u03b1 \u03c4\u03bf\u03c5 \u0391\u03bd\u03c4\u03cc\u03bd\u03b9\u03bf \u0393\u03ba\u03c1\u03ac\u03bc\u03c3\u03b9 \u2013 \u03a0\u03bf\u03bb\u03b9\u03c4\u03b9\u03ba\u03ae \u03ba\u03b1\u03b9 \u03c0\u03bf\u03bb\u03b9\u03c4\u03b9\u03c3\u03bc\u03cc\u03c2 \u03b1\u03c0\u03cc \u03c4\u03bf \u03ad\u03b8\u03bd\u03bf\u03c2-\u03ba\u03c1\u03ac\u03c4\u03bf\u03c2 \u03c3\u03c4\u03b7\u03bd \u03c0\u03b1\u03b3\u03ba\u03bf\u03c3\u03bc\u03b9\u03bf\u03c0\u03bf\u03af\u03b7\u03c3\u03b7, <\/em>\u0398\u03b5\u03bc\u03ad\u03bb\u03b9\u03bf\u00a0 2010. &#8220;Conceptualizing Greek Cultural Policy&#8221;, <em>International Journal of Cultural Policy<\/em>, 3: 2009.\u00a0 \u00ab\u0391\u03bd\u03b4\u03c1\u03ad\u03b1\u03c2 \u03a0\u03b1\u03c0\u03b1\u03bd\u03b4\u03c1\u03ad\u03bf\u03c5 \u2013 \u03c0\u03bf\u03bb\u03b9\u03c4\u03b9\u03c3\u03c4\u03b9\u03ba\u03cc \u03c0\u03c1\u03bf\u03c6\u03af\u03bb\u00bb \u03c3\u03c4\u03bf \u03c3\u03c5\u03bb\u03bb\u03bf\u03b3\u03b9\u03ba\u03cc \u03c4\u03cc\u03bc\u03bf <em>\u0391\u03bd\u03b4\u03c1\u03ad\u03b1\u03c2 \u03a0\u03b1\u03c0\u03b1\u03bd\u03b4\u03c1\u03ad\u03bf\u03c5,<\/em> \u0395\u03bb\u03bb\u03b7\u03bd\u03b9\u03ba\u03ac \u0393\u03c1\u03ac\u03bc\u03bc\u03b1\u03c4\u03b1, 2005. \u00ab\u0397 \u039c\u03b5\u03bb\u03af\u03bd\u03b1 \u039c\u03b5\u03c1\u03ba\u03bf\u03cd\u03c1\u03b7 \u03ba\u03b1\u03b9 \u03b7 \u03c0\u03bf\u03bb\u03b9\u03c4\u03b9\u03c3\u03bc\u03b9\u03ba\u03ae \u03c0\u03bf\u03bb\u03b9\u03c4\u03b9\u03ba\u03ae\u00bb \u03c3\u03c4\u03bf <em>\u039b\u03b5\u03be\u03b9\u03ba\u03cc \u03c4\u03b7\u03c2 \u03b4\u03b5\u03ba\u03b1\u03b5\u03c4\u03af\u03b1\u03c2 \u03c4\u03bf\u03c5 \u201980<\/em>, \u03c4\u03bf \u03a0\u03ad\u03c1\u03b1\u03c3\u03bc\u03b1, 2010. \u00ab\u03a0\u03bf\u03bb\u03b9\u03c4\u03b9\u03c3\u03c4\u03b9\u03ba\u03ad\u03c2 \u03a0\u03c1\u03c9\u03c4\u03b5\u03cd\u03bf\u03c5\u03c3\u03b5\u03c2 \u03c4\u03b7\u03c2 \u0395\u03c5\u03c1\u03ce\u03c0\u03b7\u03c2\u00bb \u03c3\u03c4\u03bf <em>\u039b\u03b5\u03be\u03b9\u03ba\u03cc \u03c4\u03b7\u03c2 \u03b4\u03b5\u03ba\u03b1\u03b5\u03c4\u03af\u03b1\u03c2 \u03c4\u03bf\u03c5 \u201980<\/em>, \u03c4\u03bf \u03a0\u03ad\u03c1\u03b1\u03c3\u03bc\u03b1, 2010. \u201cLe Livre en Gr\u00e8ce apr\u00e8s la Deuxi\u00e8me Guerre Mondiale\u201d, <em>Dictionnaire encyclop\u00e9dique du livre et de l&#8217; \u00e9dition,<\/em> Paris, Electre 2005. <em>\u00a0<\/em>\u00a0\u0388\u03c7\u03b5\u03b9 \u03b1\u03c1\u03b8\u03c1\u03bf\u03b3\u03c1\u03b1\u03c6\u03ae\u03c3\u03b5\u03b9 \u03c3\u03c4\u03b9\u03c2 \u03b5\u03c6\u03b7\u03bc\u03b5\u03c1\u03af\u03b4\u03b5\u03c2 \u0391\u03c5\u03b3\u03ae, \u039d\u03ad\u03b1, \u0392\u03ae\u03bc\u03b1, \u0395\u03c6\u03b7\u03bc\u03b5\u03c1\u03af\u03b4\u03b1 \u03c4\u03c9\u03bd \u03a3\u03c5\u03bd\u03c4\u03b1\u03ba\u03c4\u03ce\u03bd \u00a0\u03ba\u03b1\u03b9\u00a0\u00a0 \u03c3\u03c4\u03b1 \u03c0\u03b5\u03c1\u03b9\u03bf\u03b4\u03b9\u03ba\u03ac \u039c\u03b5\u03c4\u03b1\u03c1\u03c1\u03cd\u03b8\u03bc\u03b9\u03c3\u03b7, Athens Voice, \u00a0\u03a7\u03c1\u03cc\u03bd\u03bf\u03c2.<br \/>\n<\/span><\/p>\n<hr \/>\n<p><strong>CV of Myrsini Zorba<\/strong><\/p>\n<p>Myrsini Zorba studied Law at the University of Athens and Philosophy of Law at the University of Rome. She holds a PhD in Cultural Policy from the Panteion University, Athens. She founded the publishing house Odysseus. She has served as consultant to the Minister of Culture (1993) and as a Member of the European Parliament (2000\u20132004). She was the first Director of the National Book Centre of Greece (1994\u20131999). From 2006 until 2012, she taught cultural theory and cultural policy at postgraduate level. She has participated in European commissions and networks on cultural policy and founded the Network for Children\u2019s Rights, where she served as the head of the Board of Trustees (2004\u20132016). She has published essays in collective volumes and numerous articles in journals and newspapers, both Greek and foreign, on matters of cultural policy. Her book <em>Policy of Culture<\/em> is part of the curriculum of postgraduate studies in many departments in Greece and abroad.<\/p>\n<p><strong>Books<\/strong><\/p>\n<p><em>Public Policy of Culture in Europe and Greece, during the second part of the 20th century.<\/em> (Athens, 2014)<\/p>\n<p><em>From Exarchia to Brussels<\/em> (Athens, 2004)<\/p>\n<p><em>Public Policies on Book Publishing<\/em> (Athens, 1995)<\/p>\n<p><strong>Main publications<\/strong><\/p>\n<p>\u201cCulture as a Mirror of Crisis: Representations, Solidarity, Resilience and Paradigm Shift,\u201d in K. Botanova et al. (eds), <em>Culturescapes Greece <\/em>(Christoph Merian Verlag, 2017).<\/p>\n<p>\u201cInvisible Cities: Practices of Urban Solidarity through the utilisation of inconspicuous and undervalued resources,\u201d in <em>Practices of Urban Solidarity<\/em> (University of Thessaly, 2016).<\/p>\n<p>\u201cLa culture comme politique publique,\u201d in Ph. Poirrier (ed.),<em> La politique culturelle en Europe apres la 2me Guerre Mondiale<\/em> (La documentation fran\u00e7aise, 2011).<\/p>\n<p>\u201cHegemony and meta-hegemony in cultural studies,\u201d in G. Voulgaris (ed.), <em>On Antonio Gramsci\u2019s tracks: Politics and culture from the nation-state to globalisation<\/em> (Themelio, 2010).<\/p>\n<p>\u201cConceptualizing Greek Cultural Policy,\u201d <em>International Journal of Cultural Policy<\/em> 15, no 3 (2009).<\/p>\n<p>\u201cAndreas Papandreou: A Cultural Profile,\u201d in <em>Andreas Papandreou<\/em> (Ellinika Grammata, 2005).<\/p>\n<p>\u201cMelina Mercouri and cultural policy,\u201d in <em>Lexicon of the 80s<\/em> (Perasma, 2010).<\/p>\n<p>\u201cCultural Capitals of Europe,\u201d in <em>Lexicon of the 80s<\/em> (Perasma, 2010).<\/p>\n<p>\u201cLe Livre en Gr\u00e8ce apr\u00e8s la Deuxi\u00e8me Guerre Mondiale,\u201d <em>Dictionnaire encyclop\u00e9dique du livre et de l\u2019\u00e9dition<\/em> (Paris: Electre 2005).<\/p>\n<p>&nbsp;<\/p>\n<!-- AddThis Advanced Settings generic via filter on the_content --><!-- AddThis Share Buttons generic via filter on the_content --><!-- AddThis Related Posts generic via filter on the_content -->","protected":false},"excerpt":{"rendered":"<p>\u0397 \u039c\u03c5\u03c1\u03c3\u03af\u03bd\u03b7 \u0396\u03bf\u03c1\u03bc\u03c0\u03ac \u03b5\u03af\u03bd\u03b1\u03b9 \u0394\u03b9\u03b4\u03ac\u03ba\u03c4\u03c9\u03c1 \u00a0\u00a0\u03a0\u03bf\u03bb\u03b9\u03c4\u03b9\u03ba\u03ce\u03bd \u0395\u03c0\u03b9\u03c3\u03c4\u03b7\u03bc\u03ce\u03bd.\u00a0 \u03a3\u03c0\u03bf\u03cd\u03b4\u03b1\u03c3\u03b5 \u039d\u03bf\u03bc\u03b9\u03ba\u03ac \u03c3\u03c4\u03bf \u03a0\u03b1\u03bd\u03b5\u03c0\u03b9\u03c3\u03c4\u03ae\u03bc\u03b9\u03bf \u0391\u03b8\u03b7\u03bd\u03ce\u03bd \u03ba\u03b1\u03b9 \u00a0\u00a0\u00a0\u03a6\u03b9\u03bb\u03bf\u03c3\u03bf\u03c6\u03af\u03b1 \u03c4\u03bf\u03c5 \u0394\u03b9\u03ba\u03b1\u03af\u03bf\u03c5 \u03c3\u03c4\u03bf \u03a0\u03b1\u03bd\u03b5\u03c0\u03b9\u03c3\u03c4\u03ae\u03bc\u03b9\u03bf \u03c4\u03b7\u03c2\u00a0 \u03a1\u03ce\u03bc\u03b7\u03c2. \u038a\u03b4\u03c1\u03c5\u03c3\u03b5 \u03c4\u03bf\u03bd \u03b5\u03ba\u03b4\u03bf\u03c4\u03b9\u03ba\u03cc \u03bf\u03af\u03ba\u03bf \u039f\u03b4\u03c5\u03c3\u03c3\u03ad\u03b1\u03c2. \u0394\u03b9\u03b5\u03c4\u03ad\u03bb\u03b5\u03c3\u03b5 \u03c3\u03cd\u03bc\u03b2\u03bf\u03c5\u03bb\u03bf\u03c2 \u03c4\u03bf\u03c5\u00a0\u03c5\u03c0\u03bf\u03c5\u03c1\u03b3\u03bf\u03cd \u03a0\u03bf\u03bb\u03b9\u03c4\u03b9\u03c3\u03bc\u03bf\u03cd \u00a0(1993) \u03ba\u03b1\u03b9\u00a0\u0395\u03c5\u03c1\u03c9\u03b2\u03bf\u03c5\u03bb\u03b5\u03c5\u03c4\u03ae\u03c2\u00a0(2000-2004). \u00a0\u0389\u03c4\u03b1\u03bd \u03b7 \u03c0\u03c1\u03ce\u03c4\u03b7 \u0394\u03b9\u03b5\u03c5\u03b8\u03cd\u03bd\u03c4\u03c1\u03b9\u03b1 \u03c4\u03bf\u03c5\u00a0\u0395\u03b8\u03bd\u03b9\u03ba\u03bf\u03cd \u039a\u03ad\u03bd\u03c4\u03c1\u03bf\u03c5 \u0392\u03b9\u03b2\u03bb\u03af\u03bf\u03c5\u00a0(1994-1999). \u00a0\u00a0\u0391\u03c0\u03cc \u03c4\u03bf &hellip; <a href=\"http:\/\/mzorba.gr\/wp\/?page_id=670\">Continue reading <span class=\"meta-nav\">&rarr;<\/span><\/a><!-- AddThis Advanced Settings generic via filter on wp_trim_excerpt --><!-- AddThis Share Buttons generic via filter on wp_trim_excerpt --><!-- AddThis Related Posts generic via filter on wp_trim_excerpt --><\/p>\n","protected":false},"author":3,"featured_media":0,"parent":0,"menu_order":0,"comment_status":"closed","ping_status":"closed","template":"sidebar-page.php","meta":{"footnotes":""},"class_list":["post-670","page","type-page","status-publish","hentry"],"_links":{"self":[{"href":"http:\/\/mzorba.gr\/wp\/index.php?rest_route=\/wp\/v2\/pages\/670"}],"collection":[{"href":"http:\/\/mzorba.gr\/wp\/index.php?rest_route=\/wp\/v2\/pages"}],"about":[{"href":"http:\/\/mzorba.gr\/wp\/index.php?rest_route=\/wp\/v2\/types\/page"}],"author":[{"embeddable":true,"href":"http:\/\/mzorba.gr\/wp\/index.php?rest_route=\/wp\/v2\/users\/3"}],"replies":[{"embeddable":true,"href":"http:\/\/mzorba.gr\/wp\/index.php?rest_route=%2Fwp%2Fv2%2Fcomments&post=670"}],"version-history":[{"count":11,"href":"http:\/\/mzorba.gr\/wp\/index.php?rest_route=\/wp\/v2\/pages\/670\/revisions"}],"predecessor-version":[{"id":685,"href":"http:\/\/mzorba.gr\/wp\/index.php?rest_route=\/wp\/v2\/pages\/670\/revisions\/685"}],"wp:attachment":[{"href":"http:\/\/mzorba.gr\/wp\/index.php?rest_route=%2Fwp%2Fv2%2Fmedia&parent=670"}],"curies":[{"name":"wp","href":"https:\/\/api.w.org\/{rel}","templated":true}]}}